{"id":704,"date":"2020-04-29T09:43:31","date_gmt":"2020-04-29T07:43:31","guid":{"rendered":"https:\/\/duegipackaging.com\/contactez-nous\/"},"modified":"2020-05-22T05:35:37","modified_gmt":"2020-05-22T03:35:37","slug":"contactez-nous","status":"publish","type":"page","link":"https:\/\/duegipackaging.com\/fr\/contactez-nous\/","title":{"rendered":"Contactez-nous"},"content":{"rendered":"","protected":false},"excerpt":{"rendered":"<p> [&#8230;]<\/p>\n<p><a class=\"btn btn-secondary understrap-read-more-link\" href=\"https:\/\/duegipackaging.com\/fr\/contactez-nous\/\">Lire la suite\u2026<span class=\"screen-reader-text\"> from Contactez-nous<\/span><\/a><\/p>\n","protected":false},"author":1,"featured_media":0,"parent":0,"menu_order":0,"comment_status":"closed","ping_status":"closed","template":"pages\/template-contatti.php","meta":{"_acf_changed":false,"footnotes":""},"class_list":["post-704","page","type-page","status-publish","hentry"],"acf":[],"yoast_head":"<!-- This site is optimized with the Yoast SEO plugin v26.4 - https:\/\/yoast.com\/wordpress\/plugins\/seo\/ -->\n<title>Scatolificio Padova : bo\u00eetes en carton avec des finitions de qualit\u00e9 - Scatoleduegi.it<\/title>\n<meta name=\"description\" content=\"Vous cherchez une usine de bo\u00eetes \u00e0 Padoue ? Connectez-vous maintenant sur Scatolificio Padova - cartons et emballages. Nous produisons et vendons des bo\u00eetes personnalisables \u00e0 Padoue. Contactez-nous pour plus d&#039;informations.\" \/>\n<meta name=\"robots\" content=\"index, follow, max-snippet:-1, max-image-preview:large, max-video-preview:-1\" \/>\n<link rel=\"canonical\" href=\"https:\/\/duegipackaging.com\/fr\/contactez-nous\/\" \/>\n<meta property=\"og:locale\" content=\"fr_FR\" \/>\n<meta property=\"og:type\" content=\"article\" \/>\n<meta property=\"og:title\" content=\"Scatolificio Padova : bo\u00eetes en carton avec des finitions de qualit\u00e9 - Scatoleduegi.it\" \/>\n<meta property=\"og:description\" content=\"Vous cherchez une usine de bo\u00eetes \u00e0 Padoue ? Connectez-vous maintenant sur Scatolificio Padova - cartons et emballages. Nous produisons et vendons des bo\u00eetes personnalisables \u00e0 Padoue. Contactez-nous pour plus d&#039;informations.\" \/>\n<meta property=\"og:url\" content=\"https:\/\/duegipackaging.com\/fr\/contactez-nous\/\" \/>\n<meta property=\"og:site_name\" content=\"Duegi Packaging\" \/>\n<meta property=\"article:modified_time\" content=\"2020-05-22T03:35:37+00:00\" \/>\n<meta name=\"twitter:card\" content=\"summary_large_image\" \/>\n<script type=\"application\/ld+json\" class=\"yoast-schema-graph\">{\"@context\":\"https:\/\/schema.org\",\"@graph\":[{\"@type\":\"WebPage\",\"@id\":\"https:\/\/duegipackaging.com\/fr\/contactez-nous\/\",\"url\":\"https:\/\/duegipackaging.com\/fr\/contactez-nous\/\",\"name\":\"Scatolificio Padova : bo\u00eetes en carton avec des finitions de qualit\u00e9 - Scatoleduegi.it\",\"isPartOf\":{\"@id\":\"https:\/\/duegipackaging.com\/#website\"},\"datePublished\":\"2020-04-29T07:43:31+00:00\",\"dateModified\":\"2020-05-22T03:35:37+00:00\",\"description\":\"Vous cherchez une usine de bo\u00eetes \u00e0 Padoue ? Connectez-vous maintenant sur Scatolificio Padova - cartons et emballages. Nous produisons et vendons des bo\u00eetes personnalisables \u00e0 Padoue. Contactez-nous pour plus d'informations.\",\"breadcrumb\":{\"@id\":\"https:\/\/duegipackaging.com\/fr\/contactez-nous\/#breadcrumb\"},\"inLanguage\":\"fr-FR\",\"potentialAction\":[{\"@type\":\"ReadAction\",\"target\":[\"https:\/\/duegipackaging.com\/fr\/contactez-nous\/\"]}]},{\"@type\":\"BreadcrumbList\",\"@id\":\"https:\/\/duegipackaging.com\/fr\/contactez-nous\/#breadcrumb\",\"itemListElement\":[{\"@type\":\"ListItem\",\"position\":1,\"name\":\"Home\",\"item\":\"https:\/\/duegipackaging.com\/fr\/\"},{\"@type\":\"ListItem\",\"position\":2,\"name\":\"Contactez-nous\"}]},{\"@type\":\"WebSite\",\"@id\":\"https:\/\/duegipackaging.com\/#website\",\"url\":\"https:\/\/duegipackaging.com\/\",\"name\":\"Duegi Packaging\",\"description\":\"Produzione Scatole e packaging\",\"publisher\":{\"@id\":\"https:\/\/duegipackaging.com\/#organization\"},\"potentialAction\":[{\"@type\":\"SearchAction\",\"target\":{\"@type\":\"EntryPoint\",\"urlTemplate\":\"https:\/\/duegipackaging.com\/?s={search_term_string}\"},\"query-input\":{\"@type\":\"PropertyValueSpecification\",\"valueRequired\":true,\"valueName\":\"search_term_string\"}}],\"inLanguage\":\"fr-FR\"},{\"@type\":\"Organization\",\"@id\":\"https:\/\/duegipackaging.com\/#organization\",\"name\":\"Duegi Packaging\",\"url\":\"https:\/\/duegipackaging.com\/\",\"logo\":{\"@type\":\"ImageObject\",\"inLanguage\":\"fr-FR\",\"@id\":\"https:\/\/duegipackaging.com\/#\/schema\/logo\/image\/\",\"url\":\"https:\/\/i0.wp.com\/duegipackaging.com\/wp-content\/uploads\/2020\/05\/screenshot.png?fit=1200%2C900&ssl=1\",\"contentUrl\":\"https:\/\/i0.wp.com\/duegipackaging.com\/wp-content\/uploads\/2020\/05\/screenshot.png?fit=1200%2C900&ssl=1\",\"width\":1200,\"height\":900,\"caption\":\"Duegi Packaging\"},\"image\":{\"@id\":\"https:\/\/duegipackaging.com\/#\/schema\/logo\/image\/\"}}]}<\/script>\n<!-- \/ Yoast SEO plugin. -->","yoast_head_json":{"title":"Scatolificio Padova : bo\u00eetes en carton avec des finitions de qualit\u00e9 - Scatoleduegi.it","description":"Vous cherchez une usine de bo\u00eetes \u00e0 Padoue ? Connectez-vous maintenant sur Scatolificio Padova - cartons et emballages. Nous produisons et vendons des bo\u00eetes personnalisables \u00e0 Padoue. Contactez-nous pour plus d'informations.","robots":{"index":"index","follow":"follow","max-snippet":"max-snippet:-1","max-image-preview":"max-image-preview:large","max-video-preview":"max-video-preview:-1"},"canonical":"https:\/\/duegipackaging.com\/fr\/contactez-nous\/","og_locale":"fr_FR","og_type":"article","og_title":"Scatolificio Padova : bo\u00eetes en carton avec des finitions de qualit\u00e9 - Scatoleduegi.it","og_description":"Vous cherchez une usine de bo\u00eetes \u00e0 Padoue ? Connectez-vous maintenant sur Scatolificio Padova - cartons et emballages. Nous produisons et vendons des bo\u00eetes personnalisables \u00e0 Padoue. Contactez-nous pour plus d'informations.","og_url":"https:\/\/duegipackaging.com\/fr\/contactez-nous\/","og_site_name":"Duegi Packaging","article_modified_time":"2020-05-22T03:35:37+00:00","twitter_card":"summary_large_image","schema":{"@context":"https:\/\/schema.org","@graph":[{"@type":"WebPage","@id":"https:\/\/duegipackaging.com\/fr\/contactez-nous\/","url":"https:\/\/duegipackaging.com\/fr\/contactez-nous\/","name":"Scatolificio Padova : bo\u00eetes en carton avec des finitions de qualit\u00e9 - Scatoleduegi.it","isPartOf":{"@id":"https:\/\/duegipackaging.com\/#website"},"datePublished":"2020-04-29T07:43:31+00:00","dateModified":"2020-05-22T03:35:37+00:00","description":"Vous cherchez une usine de bo\u00eetes \u00e0 Padoue ? Connectez-vous maintenant sur Scatolificio Padova - cartons et emballages. Nous produisons et vendons des bo\u00eetes personnalisables \u00e0 Padoue. Contactez-nous pour plus d'informations.","breadcrumb":{"@id":"https:\/\/duegipackaging.com\/fr\/contactez-nous\/#breadcrumb"},"inLanguage":"fr-FR","potentialAction":[{"@type":"ReadAction","target":["https:\/\/duegipackaging.com\/fr\/contactez-nous\/"]}]},{"@type":"BreadcrumbList","@id":"https:\/\/duegipackaging.com\/fr\/contactez-nous\/#breadcrumb","itemListElement":[{"@type":"ListItem","position":1,"name":"Home","item":"https:\/\/duegipackaging.com\/fr\/"},{"@type":"ListItem","position":2,"name":"Contactez-nous"}]},{"@type":"WebSite","@id":"https:\/\/duegipackaging.com\/#website","url":"https:\/\/duegipackaging.com\/","name":"Duegi Packaging","description":"Produzione Scatole e packaging","publisher":{"@id":"https:\/\/duegipackaging.com\/#organization"},"potentialAction":[{"@type":"SearchAction","target":{"@type":"EntryPoint","urlTemplate":"https:\/\/duegipackaging.com\/?s={search_term_string}"},"query-input":{"@type":"PropertyValueSpecification","valueRequired":true,"valueName":"search_term_string"}}],"inLanguage":"fr-FR"},{"@type":"Organization","@id":"https:\/\/duegipackaging.com\/#organization","name":"Duegi Packaging","url":"https:\/\/duegipackaging.com\/","logo":{"@type":"ImageObject","inLanguage":"fr-FR","@id":"https:\/\/duegipackaging.com\/#\/schema\/logo\/image\/","url":"https:\/\/i0.wp.com\/duegipackaging.com\/wp-content\/uploads\/2020\/05\/screenshot.png?fit=1200%2C900&ssl=1","contentUrl":"https:\/\/i0.wp.com\/duegipackaging.com\/wp-content\/uploads\/2020\/05\/screenshot.png?fit=1200%2C900&ssl=1","width":1200,"height":900,"caption":"Duegi Packaging"},"image":{"@id":"https:\/\/duegipackaging.com\/#\/schema\/logo\/image\/"}}]}},"jetpack_sharing_enabled":true,"_links":{"self":[{"href":"https:\/\/duegipackaging.com\/fr\/wp-json\/wp\/v2\/pages\/704","targetHints":{"allow":["GET"]}}],"collection":[{"href":"https:\/\/duegipackaging.com\/fr\/wp-json\/wp\/v2\/pages"}],"about":[{"href":"https:\/\/duegipackaging.com\/fr\/wp-json\/wp\/v2\/types\/page"}],"author":[{"embeddable":true,"href":"https:\/\/duegipackaging.com\/fr\/wp-json\/wp\/v2\/users\/1"}],"replies":[{"embeddable":true,"href":"https:\/\/duegipackaging.com\/fr\/wp-json\/wp\/v2\/comments?post=704"}],"version-history":[{"count":1,"href":"https:\/\/duegipackaging.com\/fr\/wp-json\/wp\/v2\/pages\/704\/revisions"}],"predecessor-version":[{"id":2064,"href":"https:\/\/duegipackaging.com\/fr\/wp-json\/wp\/v2\/pages\/704\/revisions\/2064"}],"wp:attachment":[{"href":"https:\/\/duegipackaging.com\/fr\/wp-json\/wp\/v2\/media?parent=704"}],"curies":[{"name":"wp","href":"https:\/\/api.w.org\/{rel}","templated":true}]}}