{"id":697,"date":"2020-04-29T09:35:29","date_gmt":"2020-04-29T07:35:29","guid":{"rendered":"https:\/\/duegipackaging.com\/certifications\/"},"modified":"2024-03-07T09:34:30","modified_gmt":"2024-03-07T08:34:30","slug":"certifications","status":"publish","type":"page","link":"https:\/\/duegipackaging.com\/fr\/certifications\/","title":{"rendered":"Certifications"},"content":{"rendered":"\n<p>Depuis des ann\u00e9es, nous suivons <strong>un syst\u00e8me de gestion de la qualit\u00e9 pour nos processus conform\u00e9ment \u00e0 la norme UNI EN ISO 9001.<\/strong><br><strong><a href=\"https:\/\/duegipackaging.com\/fr\/boites\/\">DUEGI PACKAGING s.r.l.<\/a><\/strong> a ensuite choisi de mettre en \u0153uvre <strong>ses certifications en obtenant et en maintenant la certification <a href=\"https:\/\/fr.fsc.org\/fr-fr\">FSC\u00ae<\/a>, qui est li\u00e9e \u00e0 la gestion consciente des for\u00eats.<\/strong><br>Dans le cadre de notre mission, nous avons cherch\u00e9 et obtenu la <strong>norme internationale <a href=\"https:\/\/www.ciseonweb.it\/impresa-etica\/certificazione-sa8000\/home_sezione.htm?ID_D=5976\">SA8000<\/a> parce que nous voulons cr\u00e9er un climat d&rsquo;affaires favorable<\/strong> et \u00e9tablir des relations mutuellement b\u00e9n\u00e9fiques avec toutes les parties impliqu\u00e9es dans nos processus.<br>Nous poursuivons actuellement sur cette voie en entamant un voyage qui nous permettra d&rsquo;\u00e9valuer la consommation de <strong>CO2<\/strong> que nous produisons et nous commencerons, au fil du temps, \u00e0 prendre les contre-mesures n\u00e9cessaires pour am\u00e9liorer notre durabilit\u00e9.<br>Nous travaillons sur <strong>nos syst\u00e8mes par le biais de la cybers\u00e9curit\u00e9 afin de mieux prot\u00e9ger nos donn\u00e9es sensibles et les v\u00f4tres.<\/strong><\/p>\n\n\n\n<p><\/p>\n","protected":false},"excerpt":{"rendered":"<p>Depuis des ann\u00e9es, nous suivons un syst\u00e8me de gestion de la qualit\u00e9 pour nos processus conform\u00e9ment \u00e0 la norme UNI EN ISO 9001.DUEGI PACKAGING s.r.l. a ensuite choisi de mettre en \u0153uvre ses certifications en obtenant et en maintenant la certification FSC\u00ae, qui est li\u00e9e \u00e0 la gestion consciente des for\u00eats.Dans le cadre de notre [&#8230;]<\/p>\n<p><a class=\"btn btn-secondary understrap-read-more-link\" href=\"https:\/\/duegipackaging.com\/fr\/certifications\/\">Lire la suite\u2026<span class=\"screen-reader-text\"> from Certifications<\/span><\/a><\/p>\n","protected":false},"author":1,"featured_media":386,"parent":0,"menu_order":0,"comment_status":"closed","ping_status":"closed","template":"pages\/template-certificazioni.php","meta":{"_acf_changed":false,"footnotes":""},"class_list":["post-697","page","type-page","status-publish","has-post-thumbnail","hentry"],"acf":[],"yoast_head":"<!-- This site is optimized with the Yoast SEO plugin v26.4 - https:\/\/yoast.com\/wordpress\/plugins\/seo\/ -->\n<title>Box Factory Certifications: production et vente de bo\u00eetes en carton<\/title>\n<meta name=\"description\" content=\"Production et vente de caisses enrob\u00e9es certifi\u00e9es ISO 9001 et FSC\u00ae. Les normes \u00e9lev\u00e9es garantissent la plus haute qualit\u00e9 de nos produits\" \/>\n<meta name=\"robots\" content=\"index, follow, max-snippet:-1, max-image-preview:large, max-video-preview:-1\" \/>\n<link rel=\"canonical\" href=\"https:\/\/duegipackaging.com\/fr\/certifications\/\" \/>\n<meta property=\"og:locale\" content=\"fr_FR\" \/>\n<meta property=\"og:type\" content=\"article\" \/>\n<meta property=\"og:title\" content=\"Box Factory Certifications: production et vente de bo\u00eetes en carton\" \/>\n<meta property=\"og:description\" content=\"Production et vente de caisses enrob\u00e9es certifi\u00e9es ISO 9001 et FSC\u00ae. Les normes \u00e9lev\u00e9es garantissent la plus haute qualit\u00e9 de nos produits\" \/>\n<meta property=\"og:url\" content=\"https:\/\/duegipackaging.com\/fr\/certifications\/\" \/>\n<meta property=\"og:site_name\" content=\"Duegi Packaging\" \/>\n<meta property=\"article:modified_time\" content=\"2024-03-07T08:34:30+00:00\" \/>\n<meta property=\"og:image\" content=\"https:\/\/duegipackaging.com\/wp-content\/uploads\/2020\/03\/certificazione-fsc-scatole-ecosostenibilit.jpg\" \/>\n\t<meta property=\"og:image:width\" content=\"2560\" \/>\n\t<meta property=\"og:image:height\" content=\"1603\" \/>\n\t<meta property=\"og:image:type\" content=\"image\/jpeg\" \/>\n<meta name=\"twitter:card\" content=\"summary_large_image\" \/>\n<meta name=\"twitter:label1\" content=\"Dur\u00e9e de lecture estim\u00e9e\" \/>\n\t<meta name=\"twitter:data1\" content=\"1 minute\" \/>\n<script type=\"application\/ld+json\" class=\"yoast-schema-graph\">{\"@context\":\"https:\/\/schema.org\",\"@graph\":[{\"@type\":\"WebPage\",\"@id\":\"https:\/\/duegipackaging.com\/fr\/certifications\/\",\"url\":\"https:\/\/duegipackaging.com\/fr\/certifications\/\",\"name\":\"Box Factory Certifications: production et vente de bo\u00eetes en carton\",\"isPartOf\":{\"@id\":\"https:\/\/duegipackaging.com\/#website\"},\"primaryImageOfPage\":{\"@id\":\"https:\/\/duegipackaging.com\/fr\/certifications\/#primaryimage\"},\"image\":{\"@id\":\"https:\/\/duegipackaging.com\/fr\/certifications\/#primaryimage\"},\"thumbnailUrl\":\"https:\/\/i0.wp.com\/duegipackaging.com\/wp-content\/uploads\/2020\/03\/certificazione-fsc-scatole-ecosostenibilit.jpg?fit=2560%2C1603&ssl=1\",\"datePublished\":\"2020-04-29T07:35:29+00:00\",\"dateModified\":\"2024-03-07T08:34:30+00:00\",\"description\":\"Production et vente de caisses enrob\u00e9es certifi\u00e9es ISO 9001 et FSC\u00ae. Les normes \u00e9lev\u00e9es garantissent la plus haute qualit\u00e9 de nos produits\",\"breadcrumb\":{\"@id\":\"https:\/\/duegipackaging.com\/fr\/certifications\/#breadcrumb\"},\"inLanguage\":\"fr-FR\",\"potentialAction\":[{\"@type\":\"ReadAction\",\"target\":[\"https:\/\/duegipackaging.com\/fr\/certifications\/\"]}]},{\"@type\":\"ImageObject\",\"inLanguage\":\"fr-FR\",\"@id\":\"https:\/\/duegipackaging.com\/fr\/certifications\/#primaryimage\",\"url\":\"https:\/\/i0.wp.com\/duegipackaging.com\/wp-content\/uploads\/2020\/03\/certificazione-fsc-scatole-ecosostenibilit.jpg?fit=2560%2C1603&ssl=1\",\"contentUrl\":\"https:\/\/i0.wp.com\/duegipackaging.com\/wp-content\/uploads\/2020\/03\/certificazione-fsc-scatole-ecosostenibilit.jpg?fit=2560%2C1603&ssl=1\",\"width\":2560,\"height\":1603,\"caption\":\"Certification des bo\u00eetes \u00e9co-durables FSC\"},{\"@type\":\"BreadcrumbList\",\"@id\":\"https:\/\/duegipackaging.com\/fr\/certifications\/#breadcrumb\",\"itemListElement\":[{\"@type\":\"ListItem\",\"position\":1,\"name\":\"Home\",\"item\":\"https:\/\/duegipackaging.com\/fr\/\"},{\"@type\":\"ListItem\",\"position\":2,\"name\":\"Certifications\"}]},{\"@type\":\"WebSite\",\"@id\":\"https:\/\/duegipackaging.com\/#website\",\"url\":\"https:\/\/duegipackaging.com\/\",\"name\":\"Duegi Packaging\",\"description\":\"Produzione Scatole e packaging\",\"publisher\":{\"@id\":\"https:\/\/duegipackaging.com\/#organization\"},\"potentialAction\":[{\"@type\":\"SearchAction\",\"target\":{\"@type\":\"EntryPoint\",\"urlTemplate\":\"https:\/\/duegipackaging.com\/?s={search_term_string}\"},\"query-input\":{\"@type\":\"PropertyValueSpecification\",\"valueRequired\":true,\"valueName\":\"search_term_string\"}}],\"inLanguage\":\"fr-FR\"},{\"@type\":\"Organization\",\"@id\":\"https:\/\/duegipackaging.com\/#organization\",\"name\":\"Duegi Packaging\",\"url\":\"https:\/\/duegipackaging.com\/\",\"logo\":{\"@type\":\"ImageObject\",\"inLanguage\":\"fr-FR\",\"@id\":\"https:\/\/duegipackaging.com\/#\/schema\/logo\/image\/\",\"url\":\"https:\/\/i0.wp.com\/duegipackaging.com\/wp-content\/uploads\/2020\/05\/screenshot.png?fit=1200%2C900&ssl=1\",\"contentUrl\":\"https:\/\/i0.wp.com\/duegipackaging.com\/wp-content\/uploads\/2020\/05\/screenshot.png?fit=1200%2C900&ssl=1\",\"width\":1200,\"height\":900,\"caption\":\"Duegi Packaging\"},\"image\":{\"@id\":\"https:\/\/duegipackaging.com\/#\/schema\/logo\/image\/\"}}]}<\/script>\n<!-- \/ Yoast SEO plugin. -->","yoast_head_json":{"title":"Box Factory Certifications: production et vente de bo\u00eetes en carton","description":"Production et vente de caisses enrob\u00e9es certifi\u00e9es ISO 9001 et FSC\u00ae. Les normes \u00e9lev\u00e9es garantissent la plus haute qualit\u00e9 de nos produits","robots":{"index":"index","follow":"follow","max-snippet":"max-snippet:-1","max-image-preview":"max-image-preview:large","max-video-preview":"max-video-preview:-1"},"canonical":"https:\/\/duegipackaging.com\/fr\/certifications\/","og_locale":"fr_FR","og_type":"article","og_title":"Box Factory Certifications: production et vente de bo\u00eetes en carton","og_description":"Production et vente de caisses enrob\u00e9es certifi\u00e9es ISO 9001 et FSC\u00ae. Les normes \u00e9lev\u00e9es garantissent la plus haute qualit\u00e9 de nos produits","og_url":"https:\/\/duegipackaging.com\/fr\/certifications\/","og_site_name":"Duegi Packaging","article_modified_time":"2024-03-07T08:34:30+00:00","og_image":[{"width":2560,"height":1603,"url":"https:\/\/duegipackaging.com\/wp-content\/uploads\/2020\/03\/certificazione-fsc-scatole-ecosostenibilit.jpg","type":"image\/jpeg"}],"twitter_card":"summary_large_image","twitter_misc":{"Dur\u00e9e de lecture estim\u00e9e":"1 minute"},"schema":{"@context":"https:\/\/schema.org","@graph":[{"@type":"WebPage","@id":"https:\/\/duegipackaging.com\/fr\/certifications\/","url":"https:\/\/duegipackaging.com\/fr\/certifications\/","name":"Box Factory Certifications: production et vente de bo\u00eetes en carton","isPartOf":{"@id":"https:\/\/duegipackaging.com\/#website"},"primaryImageOfPage":{"@id":"https:\/\/duegipackaging.com\/fr\/certifications\/#primaryimage"},"image":{"@id":"https:\/\/duegipackaging.com\/fr\/certifications\/#primaryimage"},"thumbnailUrl":"https:\/\/i0.wp.com\/duegipackaging.com\/wp-content\/uploads\/2020\/03\/certificazione-fsc-scatole-ecosostenibilit.jpg?fit=2560%2C1603&ssl=1","datePublished":"2020-04-29T07:35:29+00:00","dateModified":"2024-03-07T08:34:30+00:00","description":"Production et vente de caisses enrob\u00e9es certifi\u00e9es ISO 9001 et FSC\u00ae. Les normes \u00e9lev\u00e9es garantissent la plus haute qualit\u00e9 de nos produits","breadcrumb":{"@id":"https:\/\/duegipackaging.com\/fr\/certifications\/#breadcrumb"},"inLanguage":"fr-FR","potentialAction":[{"@type":"ReadAction","target":["https:\/\/duegipackaging.com\/fr\/certifications\/"]}]},{"@type":"ImageObject","inLanguage":"fr-FR","@id":"https:\/\/duegipackaging.com\/fr\/certifications\/#primaryimage","url":"https:\/\/i0.wp.com\/duegipackaging.com\/wp-content\/uploads\/2020\/03\/certificazione-fsc-scatole-ecosostenibilit.jpg?fit=2560%2C1603&ssl=1","contentUrl":"https:\/\/i0.wp.com\/duegipackaging.com\/wp-content\/uploads\/2020\/03\/certificazione-fsc-scatole-ecosostenibilit.jpg?fit=2560%2C1603&ssl=1","width":2560,"height":1603,"caption":"Certification des bo\u00eetes \u00e9co-durables FSC"},{"@type":"BreadcrumbList","@id":"https:\/\/duegipackaging.com\/fr\/certifications\/#breadcrumb","itemListElement":[{"@type":"ListItem","position":1,"name":"Home","item":"https:\/\/duegipackaging.com\/fr\/"},{"@type":"ListItem","position":2,"name":"Certifications"}]},{"@type":"WebSite","@id":"https:\/\/duegipackaging.com\/#website","url":"https:\/\/duegipackaging.com\/","name":"Duegi Packaging","description":"Produzione Scatole e packaging","publisher":{"@id":"https:\/\/duegipackaging.com\/#organization"},"potentialAction":[{"@type":"SearchAction","target":{"@type":"EntryPoint","urlTemplate":"https:\/\/duegipackaging.com\/?s={search_term_string}"},"query-input":{"@type":"PropertyValueSpecification","valueRequired":true,"valueName":"search_term_string"}}],"inLanguage":"fr-FR"},{"@type":"Organization","@id":"https:\/\/duegipackaging.com\/#organization","name":"Duegi Packaging","url":"https:\/\/duegipackaging.com\/","logo":{"@type":"ImageObject","inLanguage":"fr-FR","@id":"https:\/\/duegipackaging.com\/#\/schema\/logo\/image\/","url":"https:\/\/i0.wp.com\/duegipackaging.com\/wp-content\/uploads\/2020\/05\/screenshot.png?fit=1200%2C900&ssl=1","contentUrl":"https:\/\/i0.wp.com\/duegipackaging.com\/wp-content\/uploads\/2020\/05\/screenshot.png?fit=1200%2C900&ssl=1","width":1200,"height":900,"caption":"Duegi Packaging"},"image":{"@id":"https:\/\/duegipackaging.com\/#\/schema\/logo\/image\/"}}]}},"jetpack_sharing_enabled":true,"_links":{"self":[{"href":"https:\/\/duegipackaging.com\/fr\/wp-json\/wp\/v2\/pages\/697","targetHints":{"allow":["GET"]}}],"collection":[{"href":"https:\/\/duegipackaging.com\/fr\/wp-json\/wp\/v2\/pages"}],"about":[{"href":"https:\/\/duegipackaging.com\/fr\/wp-json\/wp\/v2\/types\/page"}],"author":[{"embeddable":true,"href":"https:\/\/duegipackaging.com\/fr\/wp-json\/wp\/v2\/users\/1"}],"replies":[{"embeddable":true,"href":"https:\/\/duegipackaging.com\/fr\/wp-json\/wp\/v2\/comments?post=697"}],"version-history":[{"count":25,"href":"https:\/\/duegipackaging.com\/fr\/wp-json\/wp\/v2\/pages\/697\/revisions"}],"predecessor-version":[{"id":8311,"href":"https:\/\/duegipackaging.com\/fr\/wp-json\/wp\/v2\/pages\/697\/revisions\/8311"}],"wp:featuredmedia":[{"embeddable":true,"href":"https:\/\/duegipackaging.com\/fr\/wp-json\/wp\/v2\/media\/386"}],"wp:attachment":[{"href":"https:\/\/duegipackaging.com\/fr\/wp-json\/wp\/v2\/media?parent=697"}],"curies":[{"name":"wp","href":"https:\/\/api.w.org\/{rel}","templated":true}]}}