{"id":626,"date":"2020-04-28T18:05:47","date_gmt":"2020-04-28T16:05:47","guid":{"rendered":"https:\/\/duegipackaging.com\/duegi-scatole-e-packaging-dal-1969\/"},"modified":"2020-05-22T05:24:21","modified_gmt":"2020-05-22T03:24:21","slug":"entreprise","status":"publish","type":"page","link":"https:\/\/duegipackaging.com\/fr\/entreprise\/","title":{"rendered":"Duegi, boites et packaging depuis 1969"},"content":{"rendered":"\n<p>L&rsquo;actuelle DUEGI PACKAGING srl est n\u00e9e en 1969 sous le nom de SCATOLIFICIO 2G sas, reprenant l&rsquo;h\u00e9ritage professionnel de l&rsquo;usine Scatolificio Alessandro Bettin, fond\u00e9e en 1922. Nous apportons \u00e0 nos g\u00e9nies pr\u00e8s d&rsquo;un si\u00e8cle d&rsquo;exp\u00e9rience dans le secteur et nous sommes forts dans des comp\u00e9tences d\u00e9velopp\u00e9es et exerc\u00e9es au fil des d\u00e9cennies d&rsquo;engagement et de d\u00e9veloppement. Au d\u00e9but, l&rsquo;entreprise produisait des bo\u00eetes pour contenir les graines \u00e0 vendre dans les p\u00e9pini\u00e8res de notre r\u00e9gion. La bo\u00eete cousue \u00e0 la main avec des pointes de fer contenait suffisamment de terre pour conserver les premi\u00e8res pousses de la plante.<\/p>\n","protected":false},"excerpt":{"rendered":"<p>L&rsquo;actuelle DUEGI PACKAGING srl est n\u00e9e en 1969 sous le nom de SCATOLIFICIO 2G sas, reprenant l&rsquo;h\u00e9ritage professionnel de l&rsquo;usine Scatolificio Alessandro Bettin, fond\u00e9e en 1922. Nous apportons \u00e0 nos g\u00e9nies pr\u00e8s d&rsquo;un si\u00e8cle d&rsquo;exp\u00e9rience dans le secteur et nous sommes forts dans des comp\u00e9tences d\u00e9velopp\u00e9es et exerc\u00e9es au fil des d\u00e9cennies d&rsquo;engagement et de [&#8230;]<\/p>\n<p><a class=\"btn btn-secondary understrap-read-more-link\" href=\"https:\/\/duegipackaging.com\/fr\/entreprise\/\">Lire la suite\u2026<span class=\"screen-reader-text\"> from Duegi, boites et packaging depuis 1969<\/span><\/a><\/p>\n","protected":false},"author":1,"featured_media":550,"parent":0,"menu_order":0,"comment_status":"closed","ping_status":"closed","template":"pages\/template-about.php","meta":{"_acf_changed":false,"footnotes":""},"class_list":["post-626","page","type-page","status-publish","has-post-thumbnail","hentry"],"acf":[],"yoast_head":"<!-- This site is optimized with the Yoast SEO plugin v26.4 - https:\/\/yoast.com\/wordpress\/plugins\/seo\/ -->\n<title>Duegi Packaging - depuis 1969 Production de bo\u00eetes de haute qualit\u00e9<\/title>\n<meta name=\"description\" content=\"Cr\u00e9ation de coffrets pour chaussures, bijoux, bijoux fantaisie, lunettes, maroquinerie, chemises, coffrets cadeaux, spiritueux, vins et parfums.\" \/>\n<meta name=\"robots\" content=\"index, follow, max-snippet:-1, max-image-preview:large, max-video-preview:-1\" \/>\n<link rel=\"canonical\" href=\"https:\/\/duegipackaging.com\/fr\/entreprise\/\" \/>\n<meta property=\"og:locale\" content=\"fr_FR\" \/>\n<meta property=\"og:type\" content=\"article\" \/>\n<meta property=\"og:title\" content=\"Duegi Packaging - depuis 1969 Production de bo\u00eetes de haute qualit\u00e9\" \/>\n<meta property=\"og:description\" content=\"Cr\u00e9ation de coffrets pour chaussures, bijoux, bijoux fantaisie, lunettes, maroquinerie, chemises, coffrets cadeaux, spiritueux, vins et parfums.\" \/>\n<meta property=\"og:url\" content=\"https:\/\/duegipackaging.com\/fr\/entreprise\/\" \/>\n<meta property=\"og:site_name\" content=\"Duegi Packaging\" \/>\n<meta property=\"article:modified_time\" content=\"2020-05-22T03:24:21+00:00\" \/>\n<meta property=\"og:image\" content=\"https:\/\/i0.wp.com\/duegipackaging.com\/wp-content\/uploads\/2020\/04\/scatolificio-duegi-scatole-packaging.png?fit=1600%2C600&ssl=1\" \/>\n\t<meta property=\"og:image:width\" content=\"1600\" \/>\n\t<meta property=\"og:image:height\" content=\"600\" \/>\n\t<meta property=\"og:image:type\" content=\"image\/png\" \/>\n<meta name=\"twitter:card\" content=\"summary_large_image\" \/>\n<meta name=\"twitter:label1\" content=\"Dur\u00e9e de lecture estim\u00e9e\" \/>\n\t<meta name=\"twitter:data1\" content=\"1 minute\" \/>\n<script type=\"application\/ld+json\" class=\"yoast-schema-graph\">{\"@context\":\"https:\/\/schema.org\",\"@graph\":[{\"@type\":\"WebPage\",\"@id\":\"https:\/\/duegipackaging.com\/fr\/entreprise\/\",\"url\":\"https:\/\/duegipackaging.com\/fr\/entreprise\/\",\"name\":\"Duegi Packaging - depuis 1969 Production de bo\u00eetes de haute qualit\u00e9\",\"isPartOf\":{\"@id\":\"https:\/\/duegipackaging.com\/#website\"},\"primaryImageOfPage\":{\"@id\":\"https:\/\/duegipackaging.com\/fr\/entreprise\/#primaryimage\"},\"image\":{\"@id\":\"https:\/\/duegipackaging.com\/fr\/entreprise\/#primaryimage\"},\"thumbnailUrl\":\"https:\/\/i0.wp.com\/duegipackaging.com\/wp-content\/uploads\/2020\/04\/scatolificio-duegi-scatole-packaging.png?fit=1600%2C600&ssl=1\",\"datePublished\":\"2020-04-28T16:05:47+00:00\",\"dateModified\":\"2020-05-22T03:24:21+00:00\",\"description\":\"Cr\u00e9ation de coffrets pour chaussures, bijoux, bijoux fantaisie, lunettes, maroquinerie, chemises, coffrets cadeaux, spiritueux, vins et parfums.\",\"breadcrumb\":{\"@id\":\"https:\/\/duegipackaging.com\/fr\/entreprise\/#breadcrumb\"},\"inLanguage\":\"fr-FR\",\"potentialAction\":[{\"@type\":\"ReadAction\",\"target\":[\"https:\/\/duegipackaging.com\/fr\/entreprise\/\"]}]},{\"@type\":\"ImageObject\",\"inLanguage\":\"fr-FR\",\"@id\":\"https:\/\/duegipackaging.com\/fr\/entreprise\/#primaryimage\",\"url\":\"https:\/\/i0.wp.com\/duegipackaging.com\/wp-content\/uploads\/2020\/04\/scatolificio-duegi-scatole-packaging.png?fit=1600%2C600&ssl=1\",\"contentUrl\":\"https:\/\/i0.wp.com\/duegipackaging.com\/wp-content\/uploads\/2020\/04\/scatolificio-duegi-scatole-packaging.png?fit=1600%2C600&ssl=1\",\"width\":1600,\"height\":600,\"caption\":\"Bo\u00eetes et emballages Duegi Factory\"},{\"@type\":\"BreadcrumbList\",\"@id\":\"https:\/\/duegipackaging.com\/fr\/entreprise\/#breadcrumb\",\"itemListElement\":[{\"@type\":\"ListItem\",\"position\":1,\"name\":\"Home\",\"item\":\"https:\/\/duegipackaging.com\/fr\/\"},{\"@type\":\"ListItem\",\"position\":2,\"name\":\"Duegi, boites et packaging depuis 1969\"}]},{\"@type\":\"WebSite\",\"@id\":\"https:\/\/duegipackaging.com\/#website\",\"url\":\"https:\/\/duegipackaging.com\/\",\"name\":\"Duegi Packaging\",\"description\":\"Produzione Scatole e packaging\",\"publisher\":{\"@id\":\"https:\/\/duegipackaging.com\/#organization\"},\"potentialAction\":[{\"@type\":\"SearchAction\",\"target\":{\"@type\":\"EntryPoint\",\"urlTemplate\":\"https:\/\/duegipackaging.com\/?s={search_term_string}\"},\"query-input\":{\"@type\":\"PropertyValueSpecification\",\"valueRequired\":true,\"valueName\":\"search_term_string\"}}],\"inLanguage\":\"fr-FR\"},{\"@type\":\"Organization\",\"@id\":\"https:\/\/duegipackaging.com\/#organization\",\"name\":\"Duegi Packaging\",\"url\":\"https:\/\/duegipackaging.com\/\",\"logo\":{\"@type\":\"ImageObject\",\"inLanguage\":\"fr-FR\",\"@id\":\"https:\/\/duegipackaging.com\/#\/schema\/logo\/image\/\",\"url\":\"https:\/\/i0.wp.com\/duegipackaging.com\/wp-content\/uploads\/2020\/05\/screenshot.png?fit=1200%2C900&ssl=1\",\"contentUrl\":\"https:\/\/i0.wp.com\/duegipackaging.com\/wp-content\/uploads\/2020\/05\/screenshot.png?fit=1200%2C900&ssl=1\",\"width\":1200,\"height\":900,\"caption\":\"Duegi Packaging\"},\"image\":{\"@id\":\"https:\/\/duegipackaging.com\/#\/schema\/logo\/image\/\"}}]}<\/script>\n<!-- \/ Yoast SEO plugin. -->","yoast_head_json":{"title":"Duegi Packaging - depuis 1969 Production de bo\u00eetes de haute qualit\u00e9","description":"Cr\u00e9ation de coffrets pour chaussures, bijoux, bijoux fantaisie, lunettes, maroquinerie, chemises, coffrets cadeaux, spiritueux, vins et parfums.","robots":{"index":"index","follow":"follow","max-snippet":"max-snippet:-1","max-image-preview":"max-image-preview:large","max-video-preview":"max-video-preview:-1"},"canonical":"https:\/\/duegipackaging.com\/fr\/entreprise\/","og_locale":"fr_FR","og_type":"article","og_title":"Duegi Packaging - depuis 1969 Production de bo\u00eetes de haute qualit\u00e9","og_description":"Cr\u00e9ation de coffrets pour chaussures, bijoux, bijoux fantaisie, lunettes, maroquinerie, chemises, coffrets cadeaux, spiritueux, vins et parfums.","og_url":"https:\/\/duegipackaging.com\/fr\/entreprise\/","og_site_name":"Duegi Packaging","article_modified_time":"2020-05-22T03:24:21+00:00","og_image":[{"width":1600,"height":600,"url":"https:\/\/i0.wp.com\/duegipackaging.com\/wp-content\/uploads\/2020\/04\/scatolificio-duegi-scatole-packaging.png?fit=1600%2C600&ssl=1","type":"image\/png"}],"twitter_card":"summary_large_image","twitter_misc":{"Dur\u00e9e de lecture estim\u00e9e":"1 minute"},"schema":{"@context":"https:\/\/schema.org","@graph":[{"@type":"WebPage","@id":"https:\/\/duegipackaging.com\/fr\/entreprise\/","url":"https:\/\/duegipackaging.com\/fr\/entreprise\/","name":"Duegi Packaging - depuis 1969 Production de bo\u00eetes de haute qualit\u00e9","isPartOf":{"@id":"https:\/\/duegipackaging.com\/#website"},"primaryImageOfPage":{"@id":"https:\/\/duegipackaging.com\/fr\/entreprise\/#primaryimage"},"image":{"@id":"https:\/\/duegipackaging.com\/fr\/entreprise\/#primaryimage"},"thumbnailUrl":"https:\/\/i0.wp.com\/duegipackaging.com\/wp-content\/uploads\/2020\/04\/scatolificio-duegi-scatole-packaging.png?fit=1600%2C600&ssl=1","datePublished":"2020-04-28T16:05:47+00:00","dateModified":"2020-05-22T03:24:21+00:00","description":"Cr\u00e9ation de coffrets pour chaussures, bijoux, bijoux fantaisie, lunettes, maroquinerie, chemises, coffrets cadeaux, spiritueux, vins et parfums.","breadcrumb":{"@id":"https:\/\/duegipackaging.com\/fr\/entreprise\/#breadcrumb"},"inLanguage":"fr-FR","potentialAction":[{"@type":"ReadAction","target":["https:\/\/duegipackaging.com\/fr\/entreprise\/"]}]},{"@type":"ImageObject","inLanguage":"fr-FR","@id":"https:\/\/duegipackaging.com\/fr\/entreprise\/#primaryimage","url":"https:\/\/i0.wp.com\/duegipackaging.com\/wp-content\/uploads\/2020\/04\/scatolificio-duegi-scatole-packaging.png?fit=1600%2C600&ssl=1","contentUrl":"https:\/\/i0.wp.com\/duegipackaging.com\/wp-content\/uploads\/2020\/04\/scatolificio-duegi-scatole-packaging.png?fit=1600%2C600&ssl=1","width":1600,"height":600,"caption":"Bo\u00eetes et emballages Duegi Factory"},{"@type":"BreadcrumbList","@id":"https:\/\/duegipackaging.com\/fr\/entreprise\/#breadcrumb","itemListElement":[{"@type":"ListItem","position":1,"name":"Home","item":"https:\/\/duegipackaging.com\/fr\/"},{"@type":"ListItem","position":2,"name":"Duegi, boites et packaging depuis 1969"}]},{"@type":"WebSite","@id":"https:\/\/duegipackaging.com\/#website","url":"https:\/\/duegipackaging.com\/","name":"Duegi Packaging","description":"Produzione Scatole e packaging","publisher":{"@id":"https:\/\/duegipackaging.com\/#organization"},"potentialAction":[{"@type":"SearchAction","target":{"@type":"EntryPoint","urlTemplate":"https:\/\/duegipackaging.com\/?s={search_term_string}"},"query-input":{"@type":"PropertyValueSpecification","valueRequired":true,"valueName":"search_term_string"}}],"inLanguage":"fr-FR"},{"@type":"Organization","@id":"https:\/\/duegipackaging.com\/#organization","name":"Duegi Packaging","url":"https:\/\/duegipackaging.com\/","logo":{"@type":"ImageObject","inLanguage":"fr-FR","@id":"https:\/\/duegipackaging.com\/#\/schema\/logo\/image\/","url":"https:\/\/i0.wp.com\/duegipackaging.com\/wp-content\/uploads\/2020\/05\/screenshot.png?fit=1200%2C900&ssl=1","contentUrl":"https:\/\/i0.wp.com\/duegipackaging.com\/wp-content\/uploads\/2020\/05\/screenshot.png?fit=1200%2C900&ssl=1","width":1200,"height":900,"caption":"Duegi Packaging"},"image":{"@id":"https:\/\/duegipackaging.com\/#\/schema\/logo\/image\/"}}]}},"jetpack_sharing_enabled":true,"_links":{"self":[{"href":"https:\/\/duegipackaging.com\/fr\/wp-json\/wp\/v2\/pages\/626","targetHints":{"allow":["GET"]}}],"collection":[{"href":"https:\/\/duegipackaging.com\/fr\/wp-json\/wp\/v2\/pages"}],"about":[{"href":"https:\/\/duegipackaging.com\/fr\/wp-json\/wp\/v2\/types\/page"}],"author":[{"embeddable":true,"href":"https:\/\/duegipackaging.com\/fr\/wp-json\/wp\/v2\/users\/1"}],"replies":[{"embeddable":true,"href":"https:\/\/duegipackaging.com\/fr\/wp-json\/wp\/v2\/comments?post=626"}],"version-history":[{"count":7,"href":"https:\/\/duegipackaging.com\/fr\/wp-json\/wp\/v2\/pages\/626\/revisions"}],"predecessor-version":[{"id":1995,"href":"https:\/\/duegipackaging.com\/fr\/wp-json\/wp\/v2\/pages\/626\/revisions\/1995"}],"wp:featuredmedia":[{"embeddable":true,"href":"https:\/\/duegipackaging.com\/fr\/wp-json\/wp\/v2\/media\/550"}],"wp:attachment":[{"href":"https:\/\/duegipackaging.com\/fr\/wp-json\/wp\/v2\/media?parent=626"}],"curies":[{"name":"wp","href":"https:\/\/api.w.org\/{rel}","templated":true}]}}