{"id":614,"date":"2020-04-28T16:55:44","date_gmt":"2020-04-28T14:55:44","guid":{"rendered":"https:\/\/duegipackaging.com\/duegi-scatolificio\/"},"modified":"2021-01-29T16:36:05","modified_gmt":"2021-01-29T15:36:05","slug":"duegi-scatolificio","status":"publish","type":"page","link":"https:\/\/duegipackaging.com\/fr\/","title":{"rendered":"Duegi Packaging"},"content":{"rendered":"\n<p><strong>Nous construisons des bo\u00eetes rev\u00eatues pour tout produit.<\/strong> Notre objectif principal est la satisfaction du client et d&rsquo;\u00eatre appr\u00e9ci\u00e9 pour la haute qualit\u00e9 d\u00e9montr\u00e9e.&#13;\n<div id=\"gtx-trans\" style=\"position: absolute; left: 411px; top: 38px;\">&#13;\n<div class=\"gtx-trans-icon\"><\/div>&#13;\n<\/div><\/p>\n\n<p><strong>Plus de 50 ans d&rsquo;exp\u00e9rience<\/strong> nous permettent de transf\u00e9rer l&rsquo;expertise au produit, transformant ainsi nos connaissances en valeur ajout\u00e9e au b\u00e9n\u00e9fice du client. <strong>L&rsquo;objectif principal est d&rsquo;identifier et de fabriquer la bo\u00eete que vous souhaitez.<\/strong>&#13;\n<div id=\"gtx-trans\" style=\"position: absolute; left: 150px; top: 134px;\">&#13;\n<div class=\"gtx-trans-icon\"><\/div>&#13;\n<\/div><\/p>\n\n<p>Nous continuons sans rel\u00e2che la recherche et l&rsquo;exp\u00e9rimentation qui, au fil du temps, nous ont amen\u00e9s \u00e0 savoir s\u00e9lectionner et utiliser les meilleurs mat\u00e9riaux du march\u00e9.<\/p>\n\n<p>Les <strong>solutions innovantes<\/strong> que nous proposons anticipent souvent les tendances du march\u00e9, permettant \u00e0 chacun de r\u00e9pondre aux go\u00fbts et attentes de chacun. Nous sommes connus dans tous les secteurs du march\u00e9, nous voulons \u00eatre en mesure de satisfaire m\u00eame les demandes les plus exigeantes. Nous savons que la bo\u00eete est un outil de communication et non un simple emballage. Notre philosophie est bas\u00e9e sur la recherche de la rencontre entre go\u00fbt, d\u00e9sir, besoin et rapport qualit\u00e9 \/ prix.&#13;\n<div id=\"gtx-trans\" style=\"position: absolute; left: 173px; top: -10px;\">&#13;\n<div class=\"gtx-trans-icon\"><\/div>&#13;\n<\/div><\/p>\n\n<div class=\"wp-block-button button\"><a class=\"wp-block-button__link\" href=\"https:\/\/duegipackaging.com\/fr\/contactez-nous\/\">Contact<\/a><\/div>\n","protected":false},"excerpt":{"rendered":"<p>Nous construisons des bo\u00eetes rev\u00eatues pour tout produit. Notre objectif principal est la satisfaction du client et d&rsquo;\u00eatre appr\u00e9ci\u00e9 pour la haute qualit\u00e9 d\u00e9montr\u00e9e.&#13; &#13; &#13; Plus de 50 ans d&rsquo;exp\u00e9rience nous permettent de transf\u00e9rer l&rsquo;expertise au produit, transformant ainsi nos connaissances en valeur ajout\u00e9e au b\u00e9n\u00e9fice du client. L&rsquo;objectif principal est d&rsquo;identifier et de [&#8230;]<\/p>\n<p><a class=\"btn btn-secondary understrap-read-more-link\" href=\"https:\/\/duegipackaging.com\/fr\/\">Lire la suite\u2026<span class=\"screen-reader-text\"> from Duegi Packaging<\/span><\/a><\/p>\n","protected":false},"author":1,"featured_media":2054,"parent":0,"menu_order":0,"comment_status":"closed","ping_status":"closed","template":"pages\/template-home.php","meta":{"_acf_changed":false,"footnotes":""},"class_list":["post-614","page","type-page","status-publish","has-post-thumbnail","hentry"],"acf":[],"yoast_head":"<!-- This site is optimized with the Yoast SEO plugin v26.4 - https:\/\/yoast.com\/wordpress\/plugins\/seo\/ -->\n<title>Fabrication de bo\u00eetes en carton, \u00e9tuis, contenants et emballages<\/title>\n<meta name=\"description\" content=\"Vous bo\u00eetes de diff\u00e9rentes tailles \u00e0 la recherche personnalisable? Entrez maintenant dans scatoleduegi.it et d\u00e9couvrir bo\u00eetes et emballages carton.\" \/>\n<meta name=\"robots\" content=\"index, follow, max-snippet:-1, max-image-preview:large, max-video-preview:-1\" \/>\n<link rel=\"canonical\" href=\"https:\/\/duegipackaging.com\/fr\/\" \/>\n<meta property=\"og:locale\" content=\"fr_FR\" \/>\n<meta property=\"og:type\" content=\"article\" \/>\n<meta property=\"og:title\" content=\"Fabrication de bo\u00eetes en carton, \u00e9tuis, contenants et emballages\" \/>\n<meta property=\"og:description\" content=\"Vous bo\u00eetes de diff\u00e9rentes tailles \u00e0 la recherche personnalisable? Entrez maintenant dans scatoleduegi.it et d\u00e9couvrir bo\u00eetes et emballages carton.\" \/>\n<meta property=\"og:url\" content=\"https:\/\/duegipackaging.com\/fr\/\" \/>\n<meta property=\"og:site_name\" content=\"Duegi Packaging\" \/>\n<meta property=\"article:modified_time\" content=\"2021-01-29T15:36:05+00:00\" \/>\n<meta property=\"og:image\" content=\"https:\/\/i0.wp.com\/duegipackaging.com\/wp-content\/uploads\/2020\/05\/screenshot-1.png?fit=1200%2C900&ssl=1\" \/>\n\t<meta property=\"og:image:width\" content=\"1200\" \/>\n\t<meta property=\"og:image:height\" content=\"900\" \/>\n\t<meta property=\"og:image:type\" content=\"image\/png\" \/>\n<meta name=\"twitter:card\" content=\"summary_large_image\" \/>\n<meta name=\"twitter:label1\" content=\"Dur\u00e9e de lecture estim\u00e9e\" \/>\n\t<meta name=\"twitter:data1\" content=\"1 minute\" \/>\n<script type=\"application\/ld+json\" class=\"yoast-schema-graph\">{\"@context\":\"https:\/\/schema.org\",\"@graph\":[{\"@type\":\"WebPage\",\"@id\":\"https:\/\/duegipackaging.com\/fr\/\",\"url\":\"https:\/\/duegipackaging.com\/fr\/\",\"name\":\"Fabrication de bo\u00eetes en carton, \u00e9tuis, contenants et emballages\",\"isPartOf\":{\"@id\":\"https:\/\/duegipackaging.com\/#website\"},\"primaryImageOfPage\":{\"@id\":\"https:\/\/duegipackaging.com\/fr\/#primaryimage\"},\"image\":{\"@id\":\"https:\/\/duegipackaging.com\/fr\/#primaryimage\"},\"thumbnailUrl\":\"https:\/\/i0.wp.com\/duegipackaging.com\/wp-content\/uploads\/2020\/05\/screenshot-1.png?fit=1200%2C900&ssl=1\",\"datePublished\":\"2020-04-28T14:55:44+00:00\",\"dateModified\":\"2021-01-29T15:36:05+00:00\",\"description\":\"Vous bo\u00eetes de diff\u00e9rentes tailles \u00e0 la recherche personnalisable? Entrez maintenant dans scatoleduegi.it et d\u00e9couvrir bo\u00eetes et emballages carton.\",\"breadcrumb\":{\"@id\":\"https:\/\/duegipackaging.com\/fr\/#breadcrumb\"},\"inLanguage\":\"fr-FR\",\"potentialAction\":[{\"@type\":\"ReadAction\",\"target\":[\"https:\/\/duegipackaging.com\/fr\/\"]}]},{\"@type\":\"ImageObject\",\"inLanguage\":\"fr-FR\",\"@id\":\"https:\/\/duegipackaging.com\/fr\/#primaryimage\",\"url\":\"https:\/\/i0.wp.com\/duegipackaging.com\/wp-content\/uploads\/2020\/05\/screenshot-1.png?fit=1200%2C900&ssl=1\",\"contentUrl\":\"https:\/\/i0.wp.com\/duegipackaging.com\/wp-content\/uploads\/2020\/05\/screenshot-1.png?fit=1200%2C900&ssl=1\",\"width\":1200,\"height\":900,\"caption\":\"Duegi scatolificio\"},{\"@type\":\"BreadcrumbList\",\"@id\":\"https:\/\/duegipackaging.com\/fr\/#breadcrumb\",\"itemListElement\":[{\"@type\":\"ListItem\",\"position\":1,\"name\":\"Home\",\"item\":\"https:\/\/duegipackaging.com\/fr\/\"},{\"@type\":\"ListItem\",\"position\":2,\"name\":\"Duegi Packaging\"}]},{\"@type\":\"WebSite\",\"@id\":\"https:\/\/duegipackaging.com\/#website\",\"url\":\"https:\/\/duegipackaging.com\/\",\"name\":\"Duegi Packaging\",\"description\":\"Produzione Scatole e packaging\",\"publisher\":{\"@id\":\"https:\/\/duegipackaging.com\/#organization\"},\"potentialAction\":[{\"@type\":\"SearchAction\",\"target\":{\"@type\":\"EntryPoint\",\"urlTemplate\":\"https:\/\/duegipackaging.com\/?s={search_term_string}\"},\"query-input\":{\"@type\":\"PropertyValueSpecification\",\"valueRequired\":true,\"valueName\":\"search_term_string\"}}],\"inLanguage\":\"fr-FR\"},{\"@type\":\"Organization\",\"@id\":\"https:\/\/duegipackaging.com\/#organization\",\"name\":\"Duegi Packaging\",\"url\":\"https:\/\/duegipackaging.com\/\",\"logo\":{\"@type\":\"ImageObject\",\"inLanguage\":\"fr-FR\",\"@id\":\"https:\/\/duegipackaging.com\/#\/schema\/logo\/image\/\",\"url\":\"https:\/\/i0.wp.com\/duegipackaging.com\/wp-content\/uploads\/2020\/05\/screenshot.png?fit=1200%2C900&ssl=1\",\"contentUrl\":\"https:\/\/i0.wp.com\/duegipackaging.com\/wp-content\/uploads\/2020\/05\/screenshot.png?fit=1200%2C900&ssl=1\",\"width\":1200,\"height\":900,\"caption\":\"Duegi Packaging\"},\"image\":{\"@id\":\"https:\/\/duegipackaging.com\/#\/schema\/logo\/image\/\"}}]}<\/script>\n<!-- \/ Yoast SEO plugin. -->","yoast_head_json":{"title":"Fabrication de bo\u00eetes en carton, \u00e9tuis, contenants et emballages","description":"Vous bo\u00eetes de diff\u00e9rentes tailles \u00e0 la recherche personnalisable? Entrez maintenant dans scatoleduegi.it et d\u00e9couvrir bo\u00eetes et emballages carton.","robots":{"index":"index","follow":"follow","max-snippet":"max-snippet:-1","max-image-preview":"max-image-preview:large","max-video-preview":"max-video-preview:-1"},"canonical":"https:\/\/duegipackaging.com\/fr\/","og_locale":"fr_FR","og_type":"article","og_title":"Fabrication de bo\u00eetes en carton, \u00e9tuis, contenants et emballages","og_description":"Vous bo\u00eetes de diff\u00e9rentes tailles \u00e0 la recherche personnalisable? Entrez maintenant dans scatoleduegi.it et d\u00e9couvrir bo\u00eetes et emballages carton.","og_url":"https:\/\/duegipackaging.com\/fr\/","og_site_name":"Duegi Packaging","article_modified_time":"2021-01-29T15:36:05+00:00","og_image":[{"width":1200,"height":900,"url":"https:\/\/i0.wp.com\/duegipackaging.com\/wp-content\/uploads\/2020\/05\/screenshot-1.png?fit=1200%2C900&ssl=1","type":"image\/png"}],"twitter_card":"summary_large_image","twitter_misc":{"Dur\u00e9e de lecture estim\u00e9e":"1 minute"},"schema":{"@context":"https:\/\/schema.org","@graph":[{"@type":"WebPage","@id":"https:\/\/duegipackaging.com\/fr\/","url":"https:\/\/duegipackaging.com\/fr\/","name":"Fabrication de bo\u00eetes en carton, \u00e9tuis, contenants et emballages","isPartOf":{"@id":"https:\/\/duegipackaging.com\/#website"},"primaryImageOfPage":{"@id":"https:\/\/duegipackaging.com\/fr\/#primaryimage"},"image":{"@id":"https:\/\/duegipackaging.com\/fr\/#primaryimage"},"thumbnailUrl":"https:\/\/i0.wp.com\/duegipackaging.com\/wp-content\/uploads\/2020\/05\/screenshot-1.png?fit=1200%2C900&ssl=1","datePublished":"2020-04-28T14:55:44+00:00","dateModified":"2021-01-29T15:36:05+00:00","description":"Vous bo\u00eetes de diff\u00e9rentes tailles \u00e0 la recherche personnalisable? Entrez maintenant dans scatoleduegi.it et d\u00e9couvrir bo\u00eetes et emballages carton.","breadcrumb":{"@id":"https:\/\/duegipackaging.com\/fr\/#breadcrumb"},"inLanguage":"fr-FR","potentialAction":[{"@type":"ReadAction","target":["https:\/\/duegipackaging.com\/fr\/"]}]},{"@type":"ImageObject","inLanguage":"fr-FR","@id":"https:\/\/duegipackaging.com\/fr\/#primaryimage","url":"https:\/\/i0.wp.com\/duegipackaging.com\/wp-content\/uploads\/2020\/05\/screenshot-1.png?fit=1200%2C900&ssl=1","contentUrl":"https:\/\/i0.wp.com\/duegipackaging.com\/wp-content\/uploads\/2020\/05\/screenshot-1.png?fit=1200%2C900&ssl=1","width":1200,"height":900,"caption":"Duegi scatolificio"},{"@type":"BreadcrumbList","@id":"https:\/\/duegipackaging.com\/fr\/#breadcrumb","itemListElement":[{"@type":"ListItem","position":1,"name":"Home","item":"https:\/\/duegipackaging.com\/fr\/"},{"@type":"ListItem","position":2,"name":"Duegi Packaging"}]},{"@type":"WebSite","@id":"https:\/\/duegipackaging.com\/#website","url":"https:\/\/duegipackaging.com\/","name":"Duegi Packaging","description":"Produzione Scatole e packaging","publisher":{"@id":"https:\/\/duegipackaging.com\/#organization"},"potentialAction":[{"@type":"SearchAction","target":{"@type":"EntryPoint","urlTemplate":"https:\/\/duegipackaging.com\/?s={search_term_string}"},"query-input":{"@type":"PropertyValueSpecification","valueRequired":true,"valueName":"search_term_string"}}],"inLanguage":"fr-FR"},{"@type":"Organization","@id":"https:\/\/duegipackaging.com\/#organization","name":"Duegi Packaging","url":"https:\/\/duegipackaging.com\/","logo":{"@type":"ImageObject","inLanguage":"fr-FR","@id":"https:\/\/duegipackaging.com\/#\/schema\/logo\/image\/","url":"https:\/\/i0.wp.com\/duegipackaging.com\/wp-content\/uploads\/2020\/05\/screenshot.png?fit=1200%2C900&ssl=1","contentUrl":"https:\/\/i0.wp.com\/duegipackaging.com\/wp-content\/uploads\/2020\/05\/screenshot.png?fit=1200%2C900&ssl=1","width":1200,"height":900,"caption":"Duegi Packaging"},"image":{"@id":"https:\/\/duegipackaging.com\/#\/schema\/logo\/image\/"}}]}},"jetpack_sharing_enabled":true,"_links":{"self":[{"href":"https:\/\/duegipackaging.com\/fr\/wp-json\/wp\/v2\/pages\/614","targetHints":{"allow":["GET"]}}],"collection":[{"href":"https:\/\/duegipackaging.com\/fr\/wp-json\/wp\/v2\/pages"}],"about":[{"href":"https:\/\/duegipackaging.com\/fr\/wp-json\/wp\/v2\/types\/page"}],"author":[{"embeddable":true,"href":"https:\/\/duegipackaging.com\/fr\/wp-json\/wp\/v2\/users\/1"}],"replies":[{"embeddable":true,"href":"https:\/\/duegipackaging.com\/fr\/wp-json\/wp\/v2\/comments?post=614"}],"version-history":[{"count":10,"href":"https:\/\/duegipackaging.com\/fr\/wp-json\/wp\/v2\/pages\/614\/revisions"}],"predecessor-version":[{"id":2021,"href":"https:\/\/duegipackaging.com\/fr\/wp-json\/wp\/v2\/pages\/614\/revisions\/2021"}],"wp:featuredmedia":[{"embeddable":true,"href":"https:\/\/duegipackaging.com\/fr\/wp-json\/wp\/v2\/media\/2054"}],"wp:attachment":[{"href":"https:\/\/duegipackaging.com\/fr\/wp-json\/wp\/v2\/media?parent=614"}],"curies":[{"name":"wp","href":"https:\/\/api.w.org\/{rel}","templated":true}]}}